{"id":2,"date":"2012-01-11T08:49:44","date_gmt":"2012-01-11T08:49:44","guid":{"rendered":"http:\/\/stattshistoria.se\/hemsida\/?page_id=2"},"modified":"2018-10-22T14:56:13","modified_gmt":"2018-10-22T14:56:13","slug":"exempelsida","status":"publish","type":"page","link":"http:\/\/stattshistoria.se\/","title":{"rendered":"Hem"},"content":{"rendered":"<p style=\"text-align: center;\"><strong>&nbsp;F\u00f6r att l\u00e4sa den f\u00e4rdiga boken klicka <a href=\"http:\/\/stattshistoria.se\/history\/\" target=\"_blank\" rel=\"noopener\">h\u00e4r<\/a> eller p\u00e5 boken nedan.<\/strong><\/p>\n<p style=\"text-align: center;\">H\u00e4r p\u00e5 hemsidan kommer vi kontinuerligt fylla p\u00e5 med nya fakta och ber\u00e4ttelser som av olika anledningar inte st\u00e5r med i boken.<\/p>\n<p style=\"text-align: center;\">Observera att hemsidan \u00e4r under konstruktion och inom kort kommer att inneh\u00e5lla mer information.<\/p>\n<p style=\"text-align: center;\"><strong><a href=\"http:\/\/stattshistoria.se\/history\/\" target=\"_blank\" rel=\"http:\/\/stattshistoria.se\/ensv.php noopener\"><img loading=\"lazy\" decoding=\"async\" class=\"aligncenter wp-image-407\" title=\"FramsidaSVENG\" src=\"http:\/\/stattshistoria.se\/wp-content\/uploads\/FramsidaSVENG.jpg\" alt=\"\" width=\"442\" height=\"469\"><\/a><\/strong><\/p>\n<p style=\"text-align: left;\">F\u00f6r instruktioner om hur du kan navigera i boken klicka <a title=\"Instruktioner till boken\" href=\"http:\/\/stattshistoria.se\/?page_id=378\">h\u00e4r<\/a><\/p>\n","protected":false},"excerpt":{"rendered":"<p>&nbsp;F\u00f6r att l\u00e4sa den f\u00e4rdiga boken klicka h\u00e4r eller p\u00e5 boken nedan. H\u00e4r p\u00e5 hemsidan kommer vi kontinuerligt fylla p\u00e5 med nya fakta och ber\u00e4ttelser som av olika anledningar inte st\u00e5r med i boken. Observera att hemsidan \u00e4r under konstruktion och inom kort kommer att inneh\u00e5lla mer information. F\u00f6r instruktioner om hur du kan navigera [&hellip;]<\/p>\n","protected":false},"author":1,"featured_media":0,"parent":0,"menu_order":0,"comment_status":"open","ping_status":"open","template":"page-full.php","meta":{"footnotes":""},"class_list":["post-2","page","type-page","status-publish","hentry"],"_links":{"self":[{"href":"http:\/\/stattshistoria.se\/index.php?rest_route=\/wp\/v2\/pages\/2","targetHints":{"allow":["GET"]}}],"collection":[{"href":"http:\/\/stattshistoria.se\/index.php?rest_route=\/wp\/v2\/pages"}],"about":[{"href":"http:\/\/stattshistoria.se\/index.php?rest_route=\/wp\/v2\/types\/page"}],"author":[{"embeddable":true,"href":"http:\/\/stattshistoria.se\/index.php?rest_route=\/wp\/v2\/users\/1"}],"replies":[{"embeddable":true,"href":"http:\/\/stattshistoria.se\/index.php?rest_route=%2Fwp%2Fv2%2Fcomments&post=2"}],"version-history":[{"count":64,"href":"http:\/\/stattshistoria.se\/index.php?rest_route=\/wp\/v2\/pages\/2\/revisions"}],"predecessor-version":[{"id":496,"href":"http:\/\/stattshistoria.se\/index.php?rest_route=\/wp\/v2\/pages\/2\/revisions\/496"}],"wp:attachment":[{"href":"http:\/\/stattshistoria.se\/index.php?rest_route=%2Fwp%2Fv2%2Fmedia&parent=2"}],"curies":[{"name":"wp","href":"https:\/\/api.w.org\/{rel}","templated":true}]}}